{"id":11402,"date":"2023-01-16T08:08:05","date_gmt":"2023-01-16T07:08:05","guid":{"rendered":"https:\/\/wip.vergewave.com\/?page_id=11402"},"modified":"2026-05-05T13:01:12","modified_gmt":"2026-05-05T11:01:12","slug":"gnodeb-isc77m","status":"publish","type":"page","link":"https:\/\/www.vergewave.com\/pl\/products\/gnodeb-isc77m\/","title":{"rendered":"gNodeB ISC77"},"content":{"rendered":"<div data-elementor-type=\"wp-page\" data-elementor-id=\"11402\" class=\"elementor elementor-11402\">\n\t\t\t\t\t\t<section class=\"elementor-section elementor-top-section elementor-element elementor-element-4096beec elementor-section-full_width sticky-background elementor-section-height-default elementor-section-height-default\" data-id=\"4096beec\" data-element_type=\"section\" data-e-type=\"section\" data-settings=\"{&quot;shape_divider_bottom&quot;:&quot;curve&quot;,&quot;shape_divider_bottom_negative&quot;:&quot;yes&quot;}\">\n\t\t\t\t\t\t\t<div class=\"elementor-background-overlay\"><\/div>\n\t\t\t\t\t\t<div class=\"elementor-shape elementor-shape-bottom\" aria-hidden=\"true\" data-negative=\"true\">\n\t\t\t<svg xmlns=\"http:\/\/www.w3.org\/2000\/svg\" viewbox=\"0 0 1000 100\" preserveaspectratio=\"none\">\n\t<path class=\"elementor-shape-fill\" d=\"M500,97C126.7,96.3,0.8,19.8,0,0v100l1000,0V1C1000,19.4,873.3,97.8,500,97z\"\/>\n<\/svg>\t\t<\/div>\n\t\t\t\t\t<div class=\"elementor-container elementor-column-gap-default\">\n\t\t\t\t\t<div class=\"elementor-column elementor-col-100 elementor-top-column elementor-element elementor-element-14454871\" data-id=\"14454871\" data-element_type=\"column\" data-e-type=\"column\">\n\t\t\t<div class=\"elementor-widget-wrap\">\n\t\t\t\t\t\t\t<\/div>\n\t\t<\/div>\n\t\t\t\t\t<\/div>\n\t\t<\/section>\n\t\t\t\t<section class=\"elementor-section elementor-top-section elementor-element elementor-element-349ed1e2 main-header elementor-section-boxed elementor-section-height-default elementor-section-height-default\" data-id=\"349ed1e2\" data-element_type=\"section\" data-e-type=\"section\">\n\t\t\t\t\t\t<div class=\"elementor-container elementor-column-gap-default\">\n\t\t\t\t\t<div class=\"elementor-column elementor-col-100 elementor-top-column elementor-element elementor-element-5f950d96\" data-id=\"5f950d96\" data-element_type=\"column\" data-e-type=\"column\">\n\t\t\t<div class=\"elementor-widget-wrap elementor-element-populated\">\n\t\t\t\t\t\t<section class=\"elementor-section elementor-inner-section elementor-element elementor-element-7f3e027d elementor-section-boxed elementor-section-height-default elementor-section-height-default\" data-id=\"7f3e027d\" data-element_type=\"section\" data-e-type=\"section\">\n\t\t\t\t\t\t<div class=\"elementor-container elementor-column-gap-default\">\n\t\t\t\t\t<div class=\"elementor-column elementor-col-50 elementor-inner-column elementor-element elementor-element-3f832138\" data-id=\"3f832138\" data-element_type=\"column\" data-e-type=\"column\">\n\t\t\t<div class=\"elementor-widget-wrap elementor-element-populated\">\n\t\t\t\t\t\t<div class=\"elementor-element elementor-element-5eb7871f elementor-widget elementor-widget-heading\" data-id=\"5eb7871f\" data-element_type=\"widget\" data-e-type=\"widget\" data-widget_type=\"heading.default\">\n\t\t\t\t<div class=\"elementor-widget-container\">\n\t\t\t\t\t<h2 class=\"elementor-heading-title elementor-size-default\">gNodeB ISC77<\/h2>\t\t\t\t<\/div>\n\t\t\t\t<\/div>\n\t\t\t\t<div class=\"elementor-element elementor-element-7f8a2ef4 elementor-widget elementor-widget-heading\" data-id=\"7f8a2ef4\" data-element_type=\"widget\" data-e-type=\"widget\" data-widget_type=\"heading.default\">\n\t\t\t\t<div class=\"elementor-widget-container\">\n\t\t\t\t\t<p class=\"elementor-heading-title elementor-size-default\">We present you with a family of compact 5G NR microstations characterized by high RF power, supporting many sectors and providing aggregated throughput up to 1 500\/500 Mbps DL\/UL.<\/p>\t\t\t\t<\/div>\n\t\t\t\t<\/div>\n\t\t\t\t<div class=\"elementor-element elementor-element-9a28f64 d-inline-flex elementor-widget elementor-widget-ekit_wb_12893\" data-id=\"9a28f64\" data-element_type=\"widget\" data-e-type=\"widget\" data-widget_type=\"ekit_wb_12893.default\">\n\t\t\t\t<div class=\"elementor-widget-container\">\n\t\t\t\t\t<a href=\"#specs\">\n    <div class=\"link-button\">\n        <span class=\"link-button-text\">Specyfikacja<\/span>\n    <\/div>\n<\/a>\n\t\t\t\t\t\t<\/div>\n\t\t\t\t<\/div>\n\t\t\t\t<div class=\"elementor-element elementor-element-3cbb088 d-inline-flex elementor-widget elementor-widget-ekit_wb_12893\" data-id=\"3cbb088\" data-element_type=\"widget\" data-e-type=\"widget\" data-widget_type=\"ekit_wb_12893.default\">\n\t\t\t\t<div class=\"elementor-widget-container\">\n\t\t\t\t\t<a href=\"#apps\">\n    <div class=\"link-button\">\n        <span class=\"link-button-text\">Zastosowanie<\/span>\n    <\/div>\n<\/a>\n\t\t\t\t\t\t<\/div>\n\t\t\t\t<\/div>\n\t\t\t\t\t<\/div>\n\t\t<\/div>\n\t\t\t\t<div class=\"elementor-column elementor-col-50 elementor-inner-column elementor-element elementor-element-328794f9\" data-id=\"328794f9\" data-element_type=\"column\" data-e-type=\"column\">\n\t\t\t<div class=\"elementor-widget-wrap elementor-element-populated\">\n\t\t\t\t\t\t<div class=\"elementor-element elementor-element-70d719ea elementor-widget elementor-widget-image\" data-id=\"70d719ea\" data-element_type=\"widget\" data-e-type=\"widget\" data-widget_type=\"image.default\">\n\t\t\t\t<div class=\"elementor-widget-container\">\n\t\t\t\t\t\t\t\t\t\t\t\t\t\t\t<img fetchpriority=\"high\" decoding=\"async\" width=\"1024\" height=\"819\" src=\"https:\/\/www.vergewave.com\/wp-content\/uploads\/2026\/02\/xAIO77A-00-1024x819.png\" class=\"attachment-large size-large wp-image-13908\" alt=\"\" srcset=\"https:\/\/www.vergewave.com\/wp-content\/uploads\/2026\/02\/xAIO77A-00-1024x819.png 1024w, https:\/\/www.vergewave.com\/wp-content\/uploads\/2026\/02\/xAIO77A-00-300x240.png 300w, https:\/\/www.vergewave.com\/wp-content\/uploads\/2026\/02\/xAIO77A-00-768x615.png 768w, https:\/\/www.vergewave.com\/wp-content\/uploads\/2026\/02\/xAIO77A-00-15x12.png 15w, https:\/\/www.vergewave.com\/wp-content\/uploads\/2026\/02\/xAIO77A-00.png 1181w\" sizes=\"(max-width: 1024px) 100vw, 1024px\" \/>\t\t\t\t\t\t\t\t\t\t\t\t\t\t\t<\/div>\n\t\t\t\t<\/div>\n\t\t\t\t\t<\/div>\n\t\t<\/div>\n\t\t\t\t\t<\/div>\n\t\t<\/section>\n\t\t\t\t\t<\/div>\n\t\t<\/div>\n\t\t\t\t\t<\/div>\n\t\t<\/section>\n\t\t\t\t<section class=\"elementor-section elementor-top-section elementor-element elementor-element-19addc8 blog-white-card elementor-section-boxed elementor-section-height-default elementor-section-height-default\" data-id=\"19addc8\" data-element_type=\"section\" data-e-type=\"section\">\n\t\t\t\t\t\t<div class=\"elementor-container elementor-column-gap-default\">\n\t\t\t\t\t<div class=\"elementor-column elementor-col-100 elementor-top-column elementor-element elementor-element-58582d59\" data-id=\"58582d59\" data-element_type=\"column\" data-e-type=\"column\">\n\t\t\t<div class=\"elementor-widget-wrap elementor-element-populated\">\n\t\t\t\t\t\t<section class=\"elementor-section elementor-inner-section elementor-element elementor-element-4a951a41 elementor-section-boxed elementor-section-height-default elementor-section-height-default\" data-id=\"4a951a41\" data-element_type=\"section\" data-e-type=\"section\">\n\t\t\t\t\t\t<div class=\"elementor-container elementor-column-gap-default\">\n\t\t\t\t\t<div class=\"elementor-column elementor-col-100 elementor-inner-column elementor-element elementor-element-527477a2\" data-id=\"527477a2\" data-element_type=\"column\" data-e-type=\"column\">\n\t\t\t<div class=\"elementor-widget-wrap elementor-element-populated\">\n\t\t\t\t\t\t<div class=\"elementor-element elementor-element-a8bec34 elementor-widget elementor-widget-ekit_wb_9955\" data-id=\"a8bec34\" data-element_type=\"widget\" data-e-type=\"widget\" data-widget_type=\"ekit_wb_9955.default\">\n\t\t\t\t<div class=\"elementor-widget-container\">\n\t\t\t\t\t<div class=\"product-card\">\r\n  <div class=\"product-tiles row\">\r\n    <div class=\"product-tile-wrapper col-lg-3 col-sm-6\">\r\n    <div class=\"product-tile\">\r\n      <p class=\"product-tile-title\">PORTY ANTENOWE <\/p>\r\n      <p>4<\/p>\r\n    <\/div>\r\n    <\/div>\r\n    <div class=\"product-tile-wrapper col-lg-3 col-sm-6\">\r\n    <div class=\"product-tile\">\r\n      <p class=\"product-tile-title\">MOC RF<\/p>\r\n      <p>5 W<\/p>\r\n    <\/div>\r\n    <\/div>\r\n    <div class=\"product-tile-wrapper col-lg-3 col-sm-6\">\r\n    <div class=\"product-tile\">\r\n      <p class=\"product-tile-title\">LICZBA SEKTOR\u00d3W<\/p>\r\n      <p>1-2<\/p>\r\n    <\/div>\r\n    <\/div>\r\n    <div class=\"product-tile-wrapper col-lg-3 col-sm-6\">\r\n    <div class=\"product-tile\">\r\n      <p class=\"product-tile-title\">Lokalizacja<\/p>\r\n      <p>Obudowa zewn\u0119trzna<\/p>\r\n    <\/div>\r\n    <\/div>\r\n  <\/div>\r\n  <div class=\"product-description\">\r\n      <h2>Middle range 5G base station<\/h2>\r\n      <p>VergeRAN ISC77M is a compact base station (gNodeB) providing wireless network coverage for 5G NR data and voice, comparable to that of standard middle-powered micro gNodeB solutions. It\u2019s major advantage is a powerful baseband that allows for increased throughput and number of sectors in comparison to competitor solutions while maintaining compact external dimensions. These features make the VergeRAN ISC77M a cost-optimized solution to the problem of building wide-area private networks, where the density of terminals is lower than in public networks and it is not necessary to  use extensive (in terms of performance and physical size) RAN solutions.<\/p>\r\n  <\/div>\r\n  <div>\r\n      <h2>Korzy\u015bci<\/h2>\r\n  <\/div>\r\n  <div class=\"product-values\">\r\n    <div class=\"value-card col-lg-3 col-sm-6\">\r\n        <div class=\"value-card-icon\">\r\n            <i class=\"fas fa-broadcast-tower\"><\/i>        <\/div>\r\n        <div class=\"value-card-title\">\r\n            <h3>Du\u017cy zasi\u0119g radiowy przy kompaktowych wymiarach urz\u0105dzenia <\/h3>\r\n        <\/div>\r\n        <div class=\"value-card-desc\">\r\n            <p><\/p>\r\n        <\/div>\r\n    <\/div>\r\n    <div class=\"value-card col-lg-3 col-sm-6\">\r\n        <div class=\"value-card-icon\">\r\n            <i class=\"far fa-check-circle\"><\/i>        <\/div>\r\n        <div class=\"value-card-title\">\r\n            <h3>\u0141atwo\u015b\u0107 instalacji <\/h3>\r\n        <\/div>\r\n        <div class=\"value-card-desc\">\r\n            <p><\/p>\r\n        <\/div>\r\n    <\/div>\r\n    <div class=\"value-card col-lg-3 col-sm-6\">\r\n        <div class=\"value-card-icon\">\r\n            <i class=\"fas fa-hdd\"><\/i>        <\/div>\r\n        <div class=\"value-card-title\">\r\n            <h3>Przyjazny interfejs zarz\u0105dzania przez WWW  <\/h3>\r\n        <\/div>\r\n        <div class=\"value-card-desc\">\r\n            <p><\/p>\r\n        <\/div>\r\n    <\/div>\r\n    <div class=\"value-card col-lg-3 col-sm-6\">\r\n        <div class=\"value-card-icon\">\r\n            <i class=\"fas fa-chart-line\"><\/i>        <\/div>\r\n        <div class=\"value-card-title\">\r\n            <h3>Wysoka wydajno\u015b\u0107 <\/h3>\r\n        <\/div>\r\n        <div class=\"value-card-desc\">\r\n            <p><\/p>\r\n        <\/div>\r\n    <\/div>\r\n<\/div>\r\n  <div class=\"product-spec\">\r\n    <h2 id=\"specs\"> Specyfikacja <\/h2>\r\n    <div class=\"product-table\">\r\n    <table>\r\n      <thead>\r\n        <tr>\r\n          <th> Parametry <\/th>\r\n          <th> Warto\u015bci <\/th>\r\n        <\/tr>\r\n      <\/thead>\r\n      <tbody>\r\n          <tbody>\n    <tr>\n        <td>Standard RAN<\/td>\n        <td>5G NR<\/td>\n    <\/tr>\n    <tr>\n        <td>Moc Tx<\/td>\n        <td>4x 5W<\/td>\n    <\/tr>\n    <tr>\n        <td>Pasma pracy  <\/td>\n        <td>n77, n78<\/td>\n    <\/tr>\n    <tr>\n        <td>Konfiguracja sektor\u00f3w<\/td>\n        <td>1 lub 2 sektory, MIMO 2x2, 2 lub 4 sektory SISO<\/td>\n    <\/tr>\n    <tr>\n        <td>Max BW<\/td>\n        <td>100 MHz<\/td>\n    <\/tr>\n    <tr>\n        <td>Przepustowo\u015b\u0107 maksymalna<\/td>\n        <td>1 500\/200Mbps DL\/UL<\/td>\n    <\/tr>\n    <tr>\n        <td>Liczba jednocze\u015bnie obs\u0142ugiwanych terminali (UE)  <\/td>\n        <td>512+<\/td>\n    <\/tr>\n    <tr>\n        <td>Synchronizacja<\/td>\n        <td>GPS \/ PTP<\/td>\n    <\/tr>\n    <tr>\n        <td>Interfejs sieciowy<\/td>\n        <td>10 Gigabit Ethernet<\/td>\n    <\/tr> \n    <tr>\n        <td>Zasilanie<\/td>\n        <td>-48V DC <\/td>\n    <\/tr>\n    <tr>\n        <td>Temperatura pracy<\/td>\n        <td>-35\u2103  &divide; +55\u2103 <\/td>\n    <\/tr>\n    <tr>\n        <td>Wymiary i waga<\/td>\n        <td>500 x 475 x 200mm, 30kg<\/td>\n    <\/tr>\n   \n<\/tbody>      <\/tbody>\r\n    <\/table>\r\n    <\/div>\r\n  <\/div>\r\n  <div class=\"product-apps\">\r\n      <h2 id=\"apps\">Zastosowanie<\/h2>\r\n  <\/div>\r\n<\/div>\n\t\t\t\t\t\t<\/div>\n\t\t\t\t<\/div>\n\t\t\t\t\t<\/div>\n\t\t<\/div>\n\t\t\t\t\t<\/div>\n\t\t<\/section>\n\t\t\t\t<section class=\"elementor-section elementor-inner-section elementor-element elementor-element-9018a11 elementor-section-boxed elementor-section-height-default elementor-section-height-default\" data-id=\"9018a11\" data-element_type=\"section\" data-e-type=\"section\">\n\t\t\t\t\t\t<div class=\"elementor-container elementor-column-gap-default\">\n\t\t\t\t\t<div class=\"elementor-column elementor-col-50 elementor-inner-column elementor-element elementor-element-ba9f349\" data-id=\"ba9f349\" data-element_type=\"column\" data-e-type=\"column\">\n\t\t\t<div class=\"elementor-widget-wrap elementor-element-populated\">\n\t\t\t\t\t\t<div class=\"elementor-element elementor-element-c0247cb elementor-widget elementor-widget-ekit_wb_10992\" data-id=\"c0247cb\" data-element_type=\"widget\" data-e-type=\"widget\" data-widget_type=\"ekit_wb_10992.default\">\n\t\t\t\t<div class=\"elementor-widget-container\">\n\t\t\t\t\t<div class=\"article-card\">\r\n  <div class=\"article-card-wrapper\">\r\n    <a class=\"article-card-link\" href=\"https:\/\/www.vergewave.com\/pl\/solutions\/private-5g-networks\/\">\r\n      <div class=\"article-card-image\">\r\n        <img src=\"https:\/\/vergewave.com\/wp-content\/uploads\/2023\/01\/iStock-1219894403-scaled.jpg\">\r\n      <\/div>\r\n      <div class=\"article-card-title-wrap\">\r\n        <div class=\"article-card-title\">\r\n          <b>Private 5G<\/b>\r\n        <\/div>\r\n      <\/div>\r\n    <\/a>\r\n  <\/div>\r\n<\/div>\n\t\t\t\t\t\t<\/div>\n\t\t\t\t<\/div>\n\t\t\t\t\t<\/div>\n\t\t<\/div>\n\t\t\t\t<div class=\"elementor-column elementor-col-50 elementor-inner-column elementor-element elementor-element-9b891e8\" data-id=\"9b891e8\" data-element_type=\"column\" data-e-type=\"column\">\n\t\t\t<div class=\"elementor-widget-wrap elementor-element-populated\">\n\t\t\t\t\t\t<div class=\"elementor-element elementor-element-e0c04cc elementor-widget elementor-widget-ekit_wb_10992\" data-id=\"e0c04cc\" data-element_type=\"widget\" data-e-type=\"widget\" data-widget_type=\"ekit_wb_10992.default\">\n\t\t\t\t<div class=\"elementor-widget-container\">\n\t\t\t\t\t<div class=\"article-card\">\r\n  <div class=\"article-card-wrapper\">\r\n    <a class=\"article-card-link\" href=\"https:\/\/www.vergewave.com\/pl\/en_us\/rozwiazania\/machine-to-machine\/\">\r\n      <div class=\"article-card-image\">\r\n        <img src=\"https:\/\/vergewave.com\/wp-content\/uploads\/2023\/01\/iStock-1435491000-scaled.jpg\">\r\n      <\/div>\r\n      <div class=\"article-card-title-wrap\">\r\n        <div class=\"article-card-title\">\r\n          <b>Machine to machine<\/b>\r\n        <\/div>\r\n      <\/div>\r\n    <\/a>\r\n  <\/div>\r\n<\/div>\n\t\t\t\t\t\t<\/div>\n\t\t\t\t<\/div>\n\t\t\t\t\t<\/div>\n\t\t<\/div>\n\t\t\t\t\t<\/div>\n\t\t<\/section>\n\t\t\t\t\t<\/div>\n\t\t<\/div>\n\t\t\t\t\t<\/div>\n\t\t<\/section>\n\t\t\t\t<\/div>","protected":false},"excerpt":{"rendered":"<p>gNodeB ISC77 We present you with a family of compact 5G NR microstations characterized by high RF power, supporting many sectors and providing aggregated throughput up to 1 500\/500 Mbps DL\/UL. Specifications Applications ANTENNA PORTS 4 OUTPUT POWER 5 W SECTORS 1-2 Location Full Outdoor Middle range 5G base station VergeRAN ISC77M is a compact [&hellip;]<\/p>\n","protected":false},"author":1,"featured_media":0,"parent":8500,"menu_order":0,"comment_status":"closed","ping_status":"closed","template":"","meta":{"footnotes":""},"class_list":["post-11402","page","type-page","status-publish","hentry"],"_links":{"self":[{"href":"https:\/\/www.vergewave.com\/pl\/wp-json\/wp\/v2\/pages\/11402","targetHints":{"allow":["GET"]}}],"collection":[{"href":"https:\/\/www.vergewave.com\/pl\/wp-json\/wp\/v2\/pages"}],"about":[{"href":"https:\/\/www.vergewave.com\/pl\/wp-json\/wp\/v2\/types\/page"}],"author":[{"embeddable":true,"href":"https:\/\/www.vergewave.com\/pl\/wp-json\/wp\/v2\/users\/1"}],"replies":[{"embeddable":true,"href":"https:\/\/www.vergewave.com\/pl\/wp-json\/wp\/v2\/comments?post=11402"}],"version-history":[{"count":25,"href":"https:\/\/www.vergewave.com\/pl\/wp-json\/wp\/v2\/pages\/11402\/revisions"}],"predecessor-version":[{"id":14069,"href":"https:\/\/www.vergewave.com\/pl\/wp-json\/wp\/v2\/pages\/11402\/revisions\/14069"}],"up":[{"embeddable":true,"href":"https:\/\/www.vergewave.com\/pl\/wp-json\/wp\/v2\/pages\/8500"}],"wp:attachment":[{"href":"https:\/\/www.vergewave.com\/pl\/wp-json\/wp\/v2\/media?parent=11402"}],"curies":[{"name":"wp","href":"https:\/\/api.w.org\/{rel}","templated":true}]}}