{"id":11521,"date":"2023-01-17T09:13:16","date_gmt":"2023-01-17T08:13:16","guid":{"rendered":"https:\/\/wip.vergewave.com\/?page_id=11521"},"modified":"2026-02-13T16:32:59","modified_gmt":"2026-02-13T15:32:59","slug":"vergecell-4300","status":"publish","type":"page","link":"https:\/\/www.vergewave.com\/pl\/products\/vergecell-4300\/","title":{"rendered":"VergeCell4300"},"content":{"rendered":"<div data-elementor-type=\"wp-page\" data-elementor-id=\"11521\" class=\"elementor elementor-11521\">\n\t\t\t\t\t\t<section class=\"elementor-section elementor-top-section elementor-element elementor-element-1cc057a elementor-section-full_width sticky-background elementor-section-height-default elementor-section-height-default\" data-id=\"1cc057a\" data-element_type=\"section\" data-e-type=\"section\" data-settings=\"{&quot;shape_divider_bottom&quot;:&quot;curve&quot;,&quot;shape_divider_bottom_negative&quot;:&quot;yes&quot;}\">\n\t\t\t\t\t\t\t<div class=\"elementor-background-overlay\"><\/div>\n\t\t\t\t\t\t<div class=\"elementor-shape elementor-shape-bottom\" aria-hidden=\"true\" data-negative=\"true\">\n\t\t\t<svg xmlns=\"http:\/\/www.w3.org\/2000\/svg\" viewbox=\"0 0 1000 100\" preserveaspectratio=\"none\">\n\t<path class=\"elementor-shape-fill\" d=\"M500,97C126.7,96.3,0.8,19.8,0,0v100l1000,0V1C1000,19.4,873.3,97.8,500,97z\"\/>\n<\/svg>\t\t<\/div>\n\t\t\t\t\t<div class=\"elementor-container elementor-column-gap-default\">\n\t\t\t\t\t<div class=\"elementor-column elementor-col-100 elementor-top-column elementor-element elementor-element-75fb3ff2\" data-id=\"75fb3ff2\" data-element_type=\"column\" data-e-type=\"column\">\n\t\t\t<div class=\"elementor-widget-wrap\">\n\t\t\t\t\t\t\t<\/div>\n\t\t<\/div>\n\t\t\t\t\t<\/div>\n\t\t<\/section>\n\t\t\t\t<section class=\"elementor-section elementor-top-section elementor-element elementor-element-5fac5e12 main-header elementor-section-boxed elementor-section-height-default elementor-section-height-default\" data-id=\"5fac5e12\" data-element_type=\"section\" data-e-type=\"section\">\n\t\t\t\t\t\t<div class=\"elementor-container elementor-column-gap-default\">\n\t\t\t\t\t<div class=\"elementor-column elementor-col-100 elementor-top-column elementor-element elementor-element-15d49df8\" data-id=\"15d49df8\" data-element_type=\"column\" data-e-type=\"column\">\n\t\t\t<div class=\"elementor-widget-wrap elementor-element-populated\">\n\t\t\t\t\t\t<section class=\"elementor-section elementor-inner-section elementor-element elementor-element-748eda71 elementor-section-boxed elementor-section-height-default elementor-section-height-default\" data-id=\"748eda71\" data-element_type=\"section\" data-e-type=\"section\">\n\t\t\t\t\t\t<div class=\"elementor-container elementor-column-gap-default\">\n\t\t\t\t\t<div class=\"elementor-column elementor-col-50 elementor-inner-column elementor-element elementor-element-7865ea70\" data-id=\"7865ea70\" data-element_type=\"column\" data-e-type=\"column\">\n\t\t\t<div class=\"elementor-widget-wrap elementor-element-populated\">\n\t\t\t\t\t\t<div class=\"elementor-element elementor-element-33f85967 elementor-widget elementor-widget-heading\" data-id=\"33f85967\" data-element_type=\"widget\" data-e-type=\"widget\" data-widget_type=\"heading.default\">\n\t\t\t\t<div class=\"elementor-widget-container\">\n\t\t\t\t\t<h2 class=\"elementor-heading-title elementor-size-default\">eNB VergeCell 4300<\/h2>\t\t\t\t<\/div>\n\t\t\t\t<\/div>\n\t\t\t\t<div class=\"elementor-element elementor-element-4acd4a8c elementor-widget elementor-widget-heading\" data-id=\"4acd4a8c\" data-element_type=\"widget\" data-e-type=\"widget\" data-widget_type=\"heading.default\">\n\t\t\t\t<div class=\"elementor-widget-container\">\n\t\t\t\t\t<p class=\"elementor-heading-title elementor-size-default\">Przedstawiamy Pa\u0144stwu rodzin\u0119 kompaktowych mikrostacji LTE charakteryzuj\u0105cych si\u0119 \u015brednim poziomem mocy RF, wspieraj\u0105cych wiele sektor\u00f3w oraz obs\u0142uguj\u0105cych przepustowo\u015b\u0107 zagregowan\u0105 do 400\/200 Mbps DL\/UL.<\/p>\t\t\t\t<\/div>\n\t\t\t\t<\/div>\n\t\t\t\t<div class=\"elementor-element elementor-element-383c49d d-inline-flex elementor-widget elementor-widget-ekit_wb_12893\" data-id=\"383c49d\" data-element_type=\"widget\" data-e-type=\"widget\" data-widget_type=\"ekit_wb_12893.default\">\n\t\t\t\t<div class=\"elementor-widget-container\">\n\t\t\t\t\t<a href=\"#specs\">\n    <div class=\"link-button\">\n        <span class=\"link-button-text\">Specyfikacja<\/span>\n    <\/div>\n<\/a>\n\t\t\t\t\t\t<\/div>\n\t\t\t\t<\/div>\n\t\t\t\t<div class=\"elementor-element elementor-element-ee84beb d-inline-flex elementor-widget elementor-widget-ekit_wb_12893\" data-id=\"ee84beb\" data-element_type=\"widget\" data-e-type=\"widget\" data-widget_type=\"ekit_wb_12893.default\">\n\t\t\t\t<div class=\"elementor-widget-container\">\n\t\t\t\t\t<a href=\"#apps\">\n    <div class=\"link-button\">\n        <span class=\"link-button-text\">Zastosowanie<\/span>\n    <\/div>\n<\/a>\n\t\t\t\t\t\t<\/div>\n\t\t\t\t<\/div>\n\t\t\t\t\t<\/div>\n\t\t<\/div>\n\t\t\t\t<div class=\"elementor-column elementor-col-50 elementor-inner-column elementor-element elementor-element-4140aa6\" data-id=\"4140aa6\" data-element_type=\"column\" data-e-type=\"column\">\n\t\t\t<div class=\"elementor-widget-wrap elementor-element-populated\">\n\t\t\t\t\t\t<div class=\"elementor-element elementor-element-70d719ea elementor-widget elementor-widget-image\" data-id=\"70d719ea\" data-element_type=\"widget\" data-e-type=\"widget\" data-widget_type=\"image.default\">\n\t\t\t\t<div class=\"elementor-widget-container\">\n\t\t\t\t\t\t\t\t\t\t\t\t\t\t\t<img fetchpriority=\"high\" decoding=\"async\" width=\"1024\" height=\"768\" src=\"https:\/\/www.vergewave.com\/wp-content\/uploads\/2023\/09\/VC4300_0908_violet-1024x768.png\" class=\"attachment-large size-large wp-image-13356\" alt=\"\" srcset=\"https:\/\/www.vergewave.com\/wp-content\/uploads\/2023\/09\/VC4300_0908_violet-1024x768.png 1024w, https:\/\/www.vergewave.com\/wp-content\/uploads\/2023\/09\/VC4300_0908_violet-300x225.png 300w, https:\/\/www.vergewave.com\/wp-content\/uploads\/2023\/09\/VC4300_0908_violet-768x576.png 768w, https:\/\/www.vergewave.com\/wp-content\/uploads\/2023\/09\/VC4300_0908_violet-1536x1152.png 1536w, https:\/\/www.vergewave.com\/wp-content\/uploads\/2023\/09\/VC4300_0908_violet-16x12.png 16w, https:\/\/www.vergewave.com\/wp-content\/uploads\/2023\/09\/VC4300_0908_violet-e1697200310506.png 600w\" sizes=\"(max-width: 1024px) 100vw, 1024px\" \/>\t\t\t\t\t\t\t\t\t\t\t\t\t\t\t<\/div>\n\t\t\t\t<\/div>\n\t\t\t\t\t<\/div>\n\t\t<\/div>\n\t\t\t\t\t<\/div>\n\t\t<\/section>\n\t\t\t\t\t<\/div>\n\t\t<\/div>\n\t\t\t\t\t<\/div>\n\t\t<\/section>\n\t\t\t\t<section class=\"elementor-section elementor-top-section elementor-element elementor-element-69c79898 blog-white-card elementor-section-boxed elementor-section-height-default elementor-section-height-default\" data-id=\"69c79898\" data-element_type=\"section\" data-e-type=\"section\">\n\t\t\t\t\t\t<div class=\"elementor-container elementor-column-gap-default\">\n\t\t\t\t\t<div class=\"elementor-column elementor-col-100 elementor-top-column elementor-element elementor-element-1c728351\" data-id=\"1c728351\" data-element_type=\"column\" data-e-type=\"column\">\n\t\t\t<div class=\"elementor-widget-wrap elementor-element-populated\">\n\t\t\t\t\t\t<section class=\"elementor-section elementor-inner-section elementor-element elementor-element-19837507 elementor-section-boxed elementor-section-height-default elementor-section-height-default\" data-id=\"19837507\" data-element_type=\"section\" data-e-type=\"section\">\n\t\t\t\t\t\t<div class=\"elementor-container elementor-column-gap-default\">\n\t\t\t\t\t<div class=\"elementor-column elementor-col-100 elementor-inner-column elementor-element elementor-element-4e75455b\" data-id=\"4e75455b\" data-element_type=\"column\" data-e-type=\"column\">\n\t\t\t<div class=\"elementor-widget-wrap elementor-element-populated\">\n\t\t\t\t\t\t<div class=\"elementor-element elementor-element-a8bec34 elementor-widget elementor-widget-ekit_wb_9955\" data-id=\"a8bec34\" data-element_type=\"widget\" data-e-type=\"widget\" data-widget_type=\"ekit_wb_9955.default\">\n\t\t\t\t<div class=\"elementor-widget-container\">\n\t\t\t\t\t<div class=\"product-card\">\r\n  <div class=\"product-tiles row\">\r\n    <div class=\"product-tile-wrapper col-lg-3 col-sm-6\">\r\n    <div class=\"product-tile\">\r\n      <p class=\"product-tile-title\">Porty antenowe<\/p>\r\n      <p>4<\/p>\r\n    <\/div>\r\n    <\/div>\r\n    <div class=\"product-tile-wrapper col-lg-3 col-sm-6\">\r\n    <div class=\"product-tile\">\r\n      <p class=\"product-tile-title\">Moc RF<\/p>\r\n      <p>do 5 W<\/p>\r\n    <\/div>\r\n    <\/div>\r\n    <div class=\"product-tile-wrapper col-lg-3 col-sm-6\">\r\n    <div class=\"product-tile\">\r\n      <p class=\"product-tile-title\">Liczba sektor\u00f3w<\/p>\r\n      <p>2-4<\/p>\r\n    <\/div>\r\n    <\/div>\r\n    <div class=\"product-tile-wrapper col-lg-3 col-sm-6\">\r\n    <div class=\"product-tile\">\r\n      <p class=\"product-tile-title\">Lokalizacja<\/p>\r\n      <p>Obudowa zewn\u0119trzna<\/p>\r\n    <\/div>\r\n    <\/div>\r\n  <\/div>\r\n  <div class=\"product-description\">\r\n      <h2>Mikrostacja LTE o lokalnym zasi\u0119gu <\/h2>\r\n      <p>VergeCell 4300 to kompaktowa stacja bazowa (eNodeB) zapewniaj\u0105ca lokalny zasi\u0119g sieci bezprzewodowej dla transmisji danych i g\u0142osu 4G LTE. Istotn\u0105 jej zalet\u0105 jest wydajna platforma sprz\u0119towa baseband, pozwalaj\u0105ca na zwi\u0119kszenie przepustowo\u015bci sieci oraz liczby jednocze\u015bnie obs\u0142ugiwanych sektor\u00f3w w por\u00f3wnaniu do konkurencyjnych mikrostacji, przy zachowaniu kompaktowych wymiar\u00f3w urz\u0105dzenia.  \n \nCechy te powoduj\u0105, i\u017c VergeCell 4300 jest optymalnym kosztowo rozwi\u0105zaniem problemu budowy pojemno\u015bci w sieciach prywatnych, w kt\u00f3rych ceniona jest dostateczna wydajno\u015b\u0107 przy zachowaniu niewielkich rozmiar\u00f3w.<\/p>\r\n  <\/div>\r\n  <div>\r\n      <h2>Korzy\u015bci<\/h2>\r\n  <\/div>\r\n  <div class=\"product-values\">\r\n    <div class=\"value-card col-lg-3 col-sm-6\">\r\n        <div class=\"value-card-icon\">\r\n            <i class=\"fas fa-hand-holding-heart\"><\/i>        <\/div>\r\n        <div class=\"value-card-title\">\r\n            <h3>Du\u017cy zasi\u0119g radiowy przy kompaktowych wymiarach urz\u0105dzenia <\/h3>\r\n        <\/div>\r\n        <div class=\"value-card-desc\">\r\n            <p><\/p>\r\n        <\/div>\r\n    <\/div>\r\n    <div class=\"value-card col-lg-3 col-sm-6\">\r\n        <div class=\"value-card-icon\">\r\n            <i class=\"fas fa-hdd\"><\/i>        <\/div>\r\n        <div class=\"value-card-title\">\r\n            <h3>Przyjazny interfejs zarz\u0105dzania przez WWW<\/h3>\r\n        <\/div>\r\n        <div class=\"value-card-desc\">\r\n            <p><\/p>\r\n        <\/div>\r\n    <\/div>\r\n    <div class=\"value-card col-lg-3 col-sm-6\">\r\n        <div class=\"value-card-icon\">\r\n            <i class=\"far fa-check-circle\"><\/i>        <\/div>\r\n        <div class=\"value-card-title\">\r\n            <h3>\u0141atwo\u015b\u0107 instalacji<\/h3>\r\n        <\/div>\r\n        <div class=\"value-card-desc\">\r\n            <p><\/p>\r\n        <\/div>\r\n    <\/div>\r\n    <div class=\"value-card col-lg-3 col-sm-6\">\r\n        <div class=\"value-card-icon\">\r\n            <i class=\"fas fa-chart-line\"><\/i>        <\/div>\r\n        <div class=\"value-card-title\">\r\n            <h3>Wysoka wydajno\u015b\u0107 <\/h3>\r\n        <\/div>\r\n        <div class=\"value-card-desc\">\r\n            <p><\/p>\r\n        <\/div>\r\n    <\/div>\r\n<\/div>\r\n  <div class=\"product-spec\">\r\n    <h2 id=\"specs\"> Specyfikacja <\/h2>\r\n    <div class=\"product-table\">\r\n    <table>\r\n      <thead>\r\n        <tr>\r\n          <th> Parametry <\/th>\r\n          <th> Warto\u015bci <\/th>\r\n        <\/tr>\r\n      <\/thead>\r\n      <tbody>\r\n          <tbody>\n    <tr>\n        <td>Technika 4G RAN<\/td>\n        <td>4G LTE Zaawansowane<\/td>\n    <\/tr>\n    <tr>\n        <td>Moc Tx<\/td>\n        <td>4x 1-5W*<\/td>\n    <\/tr>\n    <tr>\n        <td>Pasma pracy  <\/td>\n        <td>B31, B46, B47<\/td>\n    <\/tr>\n    <tr>\n        <td>Konfiguracja sektor\u00f3w  <\/td>\n        <td>2 MIMO 2x2 sektory, 4 SISO sektory <\/td>\n    <\/tr>\n    <tr>\n        <td>Agregacja przewo\u017anik\u00f3w<\/td>\n        <td>Do 20+20MHz na sektor lub 4x20MHz na sektor <\/td>\n    <\/tr>\n    <tr>\n        <td>Przepustowo\u015b\u0107 maksymalna  <\/td>\n        <td>400\/200Mbps DL\/UL<\/td>\n    <\/tr>\n     <tr>\n        <td>Liczba jednocze\u015bnie obs\u0142ugiwanych terminali (UE)   <\/td>\n        <td>512+<\/td>\n    <\/tr>\n     <tr>\n        <td>Synchronizacja  <\/td>\n        <td>GPS<\/td>\n    <\/tr>\n     <tr>\n        <td>Interfejs sieciowy <\/td>\n        <td>1 x 10\/100\/1000Baset-T, 1 x SFP 1000Base-LX<\/td>\n    <\/tr>\n     <tr>\n        <td>Zasilanie<\/td>\n        <td>-48V DC<\/td>\n    <\/tr>\n    <tr>\n        <td>Temperatura pracy <\/td>\n        <td>-35\u2103  &divide; +55\u2103 <\/td>\n    <\/tr>\n    <tr>\n        <td>Wymiary i waga<\/td>\n        <td>500 x 475 x 200mm, 30kg<\/td>\n    <\/tr>\n<\/tbody>      <\/tbody>\r\n    <\/table>\r\n    <\/div>\r\n  <\/div>\r\n  <div class=\"product-apps\">\r\n      <h2 id=\"apps\">Zastosowanie<\/h2>\r\n  <\/div>\r\n<\/div>\n\t\t\t\t\t\t<\/div>\n\t\t\t\t<\/div>\n\t\t\t\t\t<\/div>\n\t\t<\/div>\n\t\t\t\t\t<\/div>\n\t\t<\/section>\n\t\t\t\t<section class=\"elementor-section elementor-inner-section elementor-element elementor-element-9018a11 elementor-section-boxed elementor-section-height-default elementor-section-height-default\" data-id=\"9018a11\" data-element_type=\"section\" data-e-type=\"section\">\n\t\t\t\t\t\t<div class=\"elementor-container elementor-column-gap-default\">\n\t\t\t\t\t<div class=\"elementor-column elementor-col-50 elementor-inner-column elementor-element elementor-element-ba9f349\" data-id=\"ba9f349\" data-element_type=\"column\" data-e-type=\"column\">\n\t\t\t<div class=\"elementor-widget-wrap elementor-element-populated\">\n\t\t\t\t\t\t<div class=\"elementor-element elementor-element-c0247cb elementor-widget elementor-widget-ekit_wb_10992\" data-id=\"c0247cb\" data-element_type=\"widget\" data-e-type=\"widget\" data-widget_type=\"ekit_wb_10992.default\">\n\t\t\t\t<div class=\"elementor-widget-container\">\n\t\t\t\t\t<div class=\"article-card\">\r\n  <div class=\"article-card-wrapper\">\r\n    <a class=\"article-card-link\" href=\"https:\/\/www.vergewave.com\/pl\/solutions\/private-4g-5g-networks\/\">\r\n      <div class=\"article-card-image\">\r\n        <img src=\"https:\/\/vergewave.com\/wp-content\/uploads\/2023\/01\/iStock-1219894403-scaled.jpg\">\r\n      <\/div>\r\n      <div class=\"article-card-title-wrap\">\r\n        <div class=\"article-card-title\">\r\n          <b>Prywatne LTE<\/b>\r\n        <\/div>\r\n      <\/div>\r\n    <\/a>\r\n  <\/div>\r\n<\/div>\n\t\t\t\t\t\t<\/div>\n\t\t\t\t<\/div>\n\t\t\t\t\t<\/div>\n\t\t<\/div>\n\t\t\t\t<div class=\"elementor-column elementor-col-50 elementor-inner-column elementor-element elementor-element-9b891e8\" data-id=\"9b891e8\" data-element_type=\"column\" data-e-type=\"column\">\n\t\t\t<div class=\"elementor-widget-wrap elementor-element-populated\">\n\t\t\t\t\t\t<div class=\"elementor-element elementor-element-e0c04cc elementor-widget elementor-widget-ekit_wb_10992\" data-id=\"e0c04cc\" data-element_type=\"widget\" data-e-type=\"widget\" data-widget_type=\"ekit_wb_10992.default\">\n\t\t\t\t<div class=\"elementor-widget-container\">\n\t\t\t\t\t<div class=\"article-card\">\r\n  <div class=\"article-card-wrapper\">\r\n    <a class=\"article-card-link\" href=\"https:\/\/www.vergewave.com\/pl\/en_us\/rozwiazania\/machine-to-machine\/\">\r\n      <div class=\"article-card-image\">\r\n        <img src=\"https:\/\/vergewave.com\/wp-content\/uploads\/2023\/01\/iStock-1435491000-scaled.jpg\">\r\n      <\/div>\r\n      <div class=\"article-card-title-wrap\">\r\n        <div class=\"article-card-title\">\r\n          <b>Machine to machine<\/b>\r\n        <\/div>\r\n      <\/div>\r\n    <\/a>\r\n  <\/div>\r\n<\/div>\n\t\t\t\t\t\t<\/div>\n\t\t\t\t<\/div>\n\t\t\t\t\t<\/div>\n\t\t<\/div>\n\t\t\t\t\t<\/div>\n\t\t<\/section>\n\t\t\t\t\t<\/div>\n\t\t<\/div>\n\t\t\t\t\t<\/div>\n\t\t<\/section>\n\t\t\t\t<\/div>","protected":false},"excerpt":{"rendered":"<p>eNB VergeCell 4300 We present you with a group of compact LTE microstations characterized by medium RF power, which support many sectors and provide aggregated throughput up to 400\/200 Mbps DL\/UL. Specifications Applications Home Antenna ports 4 Output power Up to 5W Sectors 2-4 Location Full Outdoor Local-area LTE micro base station VergeCell 4300 is [&hellip;]<\/p>\n","protected":false},"author":1,"featured_media":0,"parent":8500,"menu_order":0,"comment_status":"closed","ping_status":"closed","template":"","meta":{"footnotes":""},"class_list":["post-11521","page","type-page","status-publish","hentry"],"_links":{"self":[{"href":"https:\/\/www.vergewave.com\/pl\/wp-json\/wp\/v2\/pages\/11521","targetHints":{"allow":["GET"]}}],"collection":[{"href":"https:\/\/www.vergewave.com\/pl\/wp-json\/wp\/v2\/pages"}],"about":[{"href":"https:\/\/www.vergewave.com\/pl\/wp-json\/wp\/v2\/types\/page"}],"author":[{"embeddable":true,"href":"https:\/\/www.vergewave.com\/pl\/wp-json\/wp\/v2\/users\/1"}],"replies":[{"embeddable":true,"href":"https:\/\/www.vergewave.com\/pl\/wp-json\/wp\/v2\/comments?post=11521"}],"version-history":[{"count":1,"href":"https:\/\/www.vergewave.com\/pl\/wp-json\/wp\/v2\/pages\/11521\/revisions"}],"predecessor-version":[{"id":13947,"href":"https:\/\/www.vergewave.com\/pl\/wp-json\/wp\/v2\/pages\/11521\/revisions\/13947"}],"up":[{"embeddable":true,"href":"https:\/\/www.vergewave.com\/pl\/wp-json\/wp\/v2\/pages\/8500"}],"wp:attachment":[{"href":"https:\/\/www.vergewave.com\/pl\/wp-json\/wp\/v2\/media?parent=11521"}],"curies":[{"name":"wp","href":"https:\/\/api.w.org\/{rel}","templated":true}]}}