{"id":267,"date":"2018-11-03T12:11:55","date_gmt":"2018-11-03T11:11:55","guid":{"rendered":"http:\/\/phox.whmcsdes.com\/?page_id=267"},"modified":"2023-09-19T11:21:08","modified_gmt":"2023-09-19T09:21:08","slug":"about-us","status":"publish","type":"page","link":"https:\/\/www.vergewave.com\/pl\/about-us\/","title":{"rendered":"O nas"},"content":{"rendered":"<div data-elementor-type=\"wp-post\" data-elementor-id=\"267\" class=\"elementor elementor-267\">\n\t\t\t\t\t\t<section class=\"elementor-section elementor-top-section elementor-element elementor-element-13dbac94 elementor-section-full_width sticky-background elementor-section-height-default elementor-section-height-default\" data-id=\"13dbac94\" data-element_type=\"section\" data-e-type=\"section\" data-settings=\"{&quot;shape_divider_bottom&quot;:&quot;curve&quot;,&quot;shape_divider_bottom_negative&quot;:&quot;yes&quot;}\">\n\t\t\t\t\t\t\t<div class=\"elementor-background-overlay\"><\/div>\n\t\t\t\t\t\t<div class=\"elementor-shape elementor-shape-bottom\" aria-hidden=\"true\" data-negative=\"true\">\n\t\t\t<svg xmlns=\"http:\/\/www.w3.org\/2000\/svg\" viewbox=\"0 0 1000 100\" preserveaspectratio=\"none\">\n\t<path class=\"elementor-shape-fill\" d=\"M500,97C126.7,96.3,0.8,19.8,0,0v100l1000,0V1C1000,19.4,873.3,97.8,500,97z\"\/>\n<\/svg>\t\t<\/div>\n\t\t\t\t\t<div class=\"elementor-container elementor-column-gap-default\">\n\t\t\t\t\t<div class=\"elementor-column elementor-col-100 elementor-top-column elementor-element elementor-element-253755b1\" data-id=\"253755b1\" data-element_type=\"column\" data-e-type=\"column\">\n\t\t\t<div class=\"elementor-widget-wrap\">\n\t\t\t\t\t\t\t<\/div>\n\t\t<\/div>\n\t\t\t\t\t<\/div>\n\t\t<\/section>\n\t\t\t\t<section class=\"elementor-section elementor-top-section elementor-element elementor-element-3289c53e elementor-section-boxed elementor-section-height-default elementor-section-height-default\" data-id=\"3289c53e\" data-element_type=\"section\" data-e-type=\"section\">\n\t\t\t\t\t\t<div class=\"elementor-container elementor-column-gap-default\">\n\t\t\t\t\t<div class=\"elementor-column elementor-col-100 elementor-top-column elementor-element elementor-element-2102ea4f\" data-id=\"2102ea4f\" data-element_type=\"column\" data-e-type=\"column\">\n\t\t\t<div class=\"elementor-widget-wrap elementor-element-populated\">\n\t\t\t\t\t\t<section class=\"elementor-section elementor-inner-section elementor-element elementor-element-22079089 main-header white elementor-section-boxed elementor-section-height-default elementor-section-height-default\" data-id=\"22079089\" data-element_type=\"section\" data-e-type=\"section\">\n\t\t\t\t\t\t<div class=\"elementor-container elementor-column-gap-default\">\n\t\t\t\t\t<div class=\"elementor-column elementor-col-50 elementor-inner-column elementor-element elementor-element-2d05459b\" data-id=\"2d05459b\" data-element_type=\"column\" data-e-type=\"column\">\n\t\t\t<div class=\"elementor-widget-wrap elementor-element-populated\">\n\t\t\t\t\t\t<div class=\"elementor-element elementor-element-32a520f elementor-widget elementor-widget-heading\" data-id=\"32a520f\" data-element_type=\"widget\" data-e-type=\"widget\" data-widget_type=\"heading.default\">\n\t\t\t\t<div class=\"elementor-widget-container\">\n\t\t\t\t\t<h2 class=\"elementor-heading-title elementor-size-default\">O nas<\/h2>\t\t\t\t<\/div>\n\t\t\t\t<\/div>\n\t\t\t\t<div class=\"elementor-element elementor-element-296d7337 elementor-widget elementor-widget-heading\" data-id=\"296d7337\" data-element_type=\"widget\" data-e-type=\"widget\" data-widget_type=\"heading.default\">\n\t\t\t\t<div class=\"elementor-widget-container\">\n\t\t\t\t\t<p class=\"elementor-heading-title elementor-size-default\">Rozwi\u0105zania Vergewave tworzone s\u0105 z my\u015bl\u0105 o przysz\u0142o\u015bci aplikacji telekomunikacyjnych. <\/p>\t\t\t\t<\/div>\n\t\t\t\t<\/div>\n\t\t\t\t\t<\/div>\n\t\t<\/div>\n\t\t\t\t<div class=\"elementor-column elementor-col-50 elementor-inner-column elementor-element elementor-element-649b1feb\" data-id=\"649b1feb\" data-element_type=\"column\" data-e-type=\"column\">\n\t\t\t<div class=\"elementor-widget-wrap\">\n\t\t\t\t\t\t\t<\/div>\n\t\t<\/div>\n\t\t\t\t\t<\/div>\n\t\t<\/section>\n\t\t\t\t\t<\/div>\n\t\t<\/div>\n\t\t\t\t\t<\/div>\n\t\t<\/section>\n\t\t\t\t<section class=\"elementor-section elementor-top-section elementor-element elementor-element-10f06ead blog-white-card elementor-section-boxed elementor-section-height-default elementor-section-height-default\" data-id=\"10f06ead\" data-element_type=\"section\" data-e-type=\"section\">\n\t\t\t\t\t\t<div class=\"elementor-container elementor-column-gap-default\">\n\t\t\t\t\t<div class=\"elementor-column elementor-col-100 elementor-top-column elementor-element elementor-element-7aca93\" data-id=\"7aca93\" data-element_type=\"column\" data-e-type=\"column\">\n\t\t\t<div class=\"elementor-widget-wrap elementor-element-populated\">\n\t\t\t\t\t\t<section class=\"elementor-section elementor-inner-section elementor-element elementor-element-262522e elementor-section-boxed elementor-section-height-default elementor-section-height-default\" data-id=\"262522e\" data-element_type=\"section\" data-e-type=\"section\">\n\t\t\t\t\t\t<div class=\"elementor-container elementor-column-gap-default\">\n\t\t\t\t\t<div class=\"elementor-column elementor-col-100 elementor-inner-column elementor-element elementor-element-82d4470\" data-id=\"82d4470\" data-element_type=\"column\" data-e-type=\"column\">\n\t\t\t<div class=\"elementor-widget-wrap elementor-element-populated\">\n\t\t\t\t\t\t<div class=\"elementor-element elementor-element-b5a9536 elementor-widget elementor-widget-ekit_wb_11631\" data-id=\"b5a9536\" data-element_type=\"widget\" data-e-type=\"widget\" data-widget_type=\"ekit_wb_11631.default\">\n\t\t\t\t<div class=\"elementor-widget-container\">\n\t\t\t\t\t<div class=\"own-blog\">\n    <div class=\"blog-header\">\n      <h1>Pocz\u0105tki<\/h1>    \n    <\/div>\n    <div class=\"blog-paragraph\">\n        <p>Marka Vergewave powsta\u0142a w 2017 roku, jako wydzielona jednostka biznesowa firmy IT Partners Telco Sp. z o.o., czerpi\u0105c do\u015bwiadczenie z jej kilkunastoletnich bada\u0144 w zakresie budowy specjalistycznych system\u00f3w \u0142\u0105czno\u015bci bezprzewodowej, w tym sieci g\u0142osowych TETRA czy prywatnych system\u00f3w radiowego dost\u0119pu szerokopasmowego LTE\/WiMAX.<\/p>\n    <\/div>\n<\/div>\n\t\t\t\t\t\t<\/div>\n\t\t\t\t<\/div>\n\t\t\t\t<div class=\"elementor-element elementor-element-b9f1605 elementor-widget elementor-widget-ekit_wb_11631\" data-id=\"b9f1605\" data-element_type=\"widget\" data-e-type=\"widget\" data-widget_type=\"ekit_wb_11631.default\">\n\t\t\t\t<div class=\"elementor-widget-container\">\n\t\t\t\t\t<div class=\"own-blog\">\n    <div class=\"blog-header\">\n      <h1>Nasz zesp\u00f3\u0142<\/h1>    \n    <\/div>\n    <div class=\"blog-paragraph\">\n        <p>Za rozw\u00f3j innowacyjnych produkt\u00f3w Vergewave odpowiada zesp\u00f3\u0142 specjalist\u00f3w posiadaj\u0105cych wszechstronn\u0105 wiedz\u0119 i umiej\u0119tno\u015bci, w szczeg\u00f3lno\u015bci w zakresie  komunikacji bezprzewodowej, oprogramowania oraz sprz\u0119tu elektronicznego. W jego sk\u0142ad wchodz\u0105 mi\u0119dzy innymi in\u017cynierowie systemowi 3GPP, specjali\u015bci rozwoju oprogramowania embedded, projektanci obwod\u00f3w RF i mixed-signal, projektanci FPGA, specjali\u015bci DSP oraz projektanci mechaniki. W zwi\u0105zku z tym proponowane przez nas rozwi\u0105zania maj\u0105 charakter kompleksowy.<\/p>\n    <\/div>\n<\/div>\n\t\t\t\t\t\t<\/div>\n\t\t\t\t<\/div>\n\t\t\t\t<div class=\"elementor-element elementor-element-ae2c0d9 elementor-widget elementor-widget-ekit_wb_11631\" data-id=\"ae2c0d9\" data-element_type=\"widget\" data-e-type=\"widget\" data-widget_type=\"ekit_wb_11631.default\">\n\t\t\t\t<div class=\"elementor-widget-container\">\n\t\t\t\t\t<div class=\"own-blog\">\n    <div class=\"blog-header\">\n      <h1>Nasza oferta<\/h1>    \n    <\/div>\n    <div class=\"blog-paragraph\">\n        <p>Nasza oferta z zakresu infrastruktury LTE\/5G RAN obejmuje kompaktowe mikrostacje do rozszerzania zasi\u0119gu sieci kom\u00f3rkowych i rozwi\u0105za\u0144 taktycznych, jednostki radiowe (RU) do budowy sieci w architekturze Open RAN. Ponadto, dzi\u0119ki zaufanym partnerom technologicznym i naszemu do\u015bwiadczeniu z budowy sieci prywatnych, mo\u017cemy zaoferowa\u0107 kompletne rozwi\u0105zania dostosowane do Pa\u0144stwa potrzeb. <\/p>\n    <\/div>\n<\/div>\n\t\t\t\t\t\t<\/div>\n\t\t\t\t<\/div>\n\t\t\t\t\t<\/div>\n\t\t<\/div>\n\t\t\t\t\t<\/div>\n\t\t<\/section>\n\t\t\t\t<div class=\"elementor-element elementor-element-a3eec13 elementor-widget elementor-widget-heading\" data-id=\"a3eec13\" data-element_type=\"widget\" data-e-type=\"widget\" data-widget_type=\"heading.default\">\n\t\t\t\t<div class=\"elementor-widget-container\">\n\t\t\t\t\t<h1 class=\"elementor-heading-title elementor-size-default\">Partnerzy<\/h1>\t\t\t\t<\/div>\n\t\t\t\t<\/div>\n\t\t\t\t<section class=\"elementor-section elementor-inner-section elementor-element elementor-element-7bd77d7 elementor-section-full_width elementor-section-height-default elementor-section-height-default\" data-id=\"7bd77d7\" data-element_type=\"section\" data-e-type=\"section\">\n\t\t\t\t\t\t<div class=\"elementor-container elementor-column-gap-extended\">\n\t\t\t\t\t<div class=\"elementor-column elementor-col-33 elementor-inner-column elementor-element elementor-element-7f5f0ee\" data-id=\"7f5f0ee\" data-element_type=\"column\" data-e-type=\"column\">\n\t\t\t<div class=\"elementor-widget-wrap elementor-element-populated\">\n\t\t\t\t\t\t<div class=\"elementor-element elementor-element-26b5ca8 elementor-widget elementor-widget-image\" data-id=\"26b5ca8\" data-element_type=\"widget\" data-e-type=\"widget\" data-widget_type=\"image.default\">\n\t\t\t\t<div class=\"elementor-widget-container\">\n\t\t\t\t\t\t\t\t\t\t\t\t\t\t\t<img fetchpriority=\"high\" decoding=\"async\" width=\"1024\" height=\"209\" src=\"https:\/\/www.vergewave.com\/wp-content\/uploads\/2023\/02\/logo_il-PIB-1024x209.png\" class=\"attachment-large size-large wp-image-11896\" alt=\"\" srcset=\"https:\/\/www.vergewave.com\/wp-content\/uploads\/2023\/02\/logo_il-PIB-1024x209.png 1024w, https:\/\/www.vergewave.com\/wp-content\/uploads\/2023\/02\/logo_il-PIB-300x61.png 300w, https:\/\/www.vergewave.com\/wp-content\/uploads\/2023\/02\/logo_il-PIB-768x157.png 768w, https:\/\/www.vergewave.com\/wp-content\/uploads\/2023\/02\/logo_il-PIB-1536x313.png 1536w, https:\/\/www.vergewave.com\/wp-content\/uploads\/2023\/02\/logo_il-PIB-2048x417.png 2048w, https:\/\/www.vergewave.com\/wp-content\/uploads\/2023\/02\/logo_il-PIB-18x4.png 18w\" sizes=\"(max-width: 1024px) 100vw, 1024px\" \/>\t\t\t\t\t\t\t\t\t\t\t\t\t\t\t<\/div>\n\t\t\t\t<\/div>\n\t\t\t\t\t<\/div>\n\t\t<\/div>\n\t\t\t\t<div class=\"elementor-column elementor-col-33 elementor-inner-column elementor-element elementor-element-2b9e904\" data-id=\"2b9e904\" data-element_type=\"column\" data-e-type=\"column\">\n\t\t\t<div class=\"elementor-widget-wrap elementor-element-populated\">\n\t\t\t\t\t\t<div class=\"elementor-element elementor-element-9c3e242 elementor-widget elementor-widget-image\" data-id=\"9c3e242\" data-element_type=\"widget\" data-e-type=\"widget\" data-widget_type=\"image.default\">\n\t\t\t\t<div class=\"elementor-widget-container\">\n\t\t\t\t\t\t\t\t\t\t\t\t\t\t\t<img decoding=\"async\" width=\"300\" height=\"89\" src=\"https:\/\/www.vergewave.com\/wp-content\/uploads\/2023\/02\/acceleran-logo-300x89-1.png\" class=\"attachment-large size-large wp-image-11897\" alt=\"\" srcset=\"https:\/\/www.vergewave.com\/wp-content\/uploads\/2023\/02\/acceleran-logo-300x89-1.png 300w, https:\/\/www.vergewave.com\/wp-content\/uploads\/2023\/02\/acceleran-logo-300x89-1-18x5.png 18w\" sizes=\"(max-width: 300px) 100vw, 300px\" \/>\t\t\t\t\t\t\t\t\t\t\t\t\t\t\t<\/div>\n\t\t\t\t<\/div>\n\t\t\t\t\t<\/div>\n\t\t<\/div>\n\t\t\t\t<div class=\"elementor-column elementor-col-33 elementor-inner-column elementor-element elementor-element-c693674\" data-id=\"c693674\" data-element_type=\"column\" data-e-type=\"column\">\n\t\t\t<div class=\"elementor-widget-wrap elementor-element-populated\">\n\t\t\t\t\t\t<div class=\"elementor-element elementor-element-8eabd33 elementor-widget elementor-widget-image\" data-id=\"8eabd33\" data-element_type=\"widget\" data-e-type=\"widget\" data-widget_type=\"image.default\">\n\t\t\t\t<div class=\"elementor-widget-container\">\n\t\t\t\t\t\t\t\t\t\t\t\t\t\t\t<img decoding=\"async\" width=\"1024\" height=\"258\" src=\"https:\/\/www.vergewave.com\/wp-content\/uploads\/2023\/06\/partner-wut-1024x258.png\" class=\"attachment-large size-large wp-image-12661\" alt=\"\" srcset=\"https:\/\/www.vergewave.com\/wp-content\/uploads\/2023\/06\/partner-wut-1024x258.png 1024w, https:\/\/www.vergewave.com\/wp-content\/uploads\/2023\/06\/partner-wut-300x76.png 300w, https:\/\/www.vergewave.com\/wp-content\/uploads\/2023\/06\/partner-wut-768x194.png 768w, https:\/\/www.vergewave.com\/wp-content\/uploads\/2023\/06\/partner-wut-1536x388.png 1536w, https:\/\/www.vergewave.com\/wp-content\/uploads\/2023\/06\/partner-wut-2048x517.png 2048w, https:\/\/www.vergewave.com\/wp-content\/uploads\/2023\/06\/partner-wut-18x5.png 18w\" sizes=\"(max-width: 1024px) 100vw, 1024px\" \/>\t\t\t\t\t\t\t\t\t\t\t\t\t\t\t<\/div>\n\t\t\t\t<\/div>\n\t\t\t\t\t<\/div>\n\t\t<\/div>\n\t\t\t\t\t<\/div>\n\t\t<\/section>\n\t\t\t\t<div class=\"elementor-element elementor-element-6c1de250 elementor-widget elementor-widget-heading\" data-id=\"6c1de250\" data-element_type=\"widget\" data-e-type=\"widget\" data-widget_type=\"heading.default\">\n\t\t\t\t<div class=\"elementor-widget-container\">\n\t\t\t\t\t<h1 class=\"elementor-heading-title elementor-size-default\">Nasze warto\u015bci<\/h1>\t\t\t\t<\/div>\n\t\t\t\t<\/div>\n\t\t\t\t<section class=\"elementor-section elementor-inner-section elementor-element elementor-element-723fd2eb elementor-section-boxed elementor-section-height-default elementor-section-height-default\" data-id=\"723fd2eb\" data-element_type=\"section\" data-e-type=\"section\">\n\t\t\t\t\t\t<div class=\"elementor-container elementor-column-gap-default\">\n\t\t\t\t\t<div class=\"elementor-column elementor-col-25 elementor-inner-column elementor-element elementor-element-67bd5690\" data-id=\"67bd5690\" data-element_type=\"column\" data-e-type=\"column\">\n\t\t\t<div class=\"elementor-widget-wrap elementor-element-populated\">\n\t\t\t\t\t\t<div class=\"elementor-element elementor-element-35ac9566 elementor-widget elementor-widget-ekit_wb_10938\" data-id=\"35ac9566\" data-element_type=\"widget\" data-e-type=\"widget\" data-widget_type=\"ekit_wb_10938.default\">\n\t\t\t\t<div class=\"elementor-widget-container\">\n\t\t\t\t\t<div class=\"value-card\">\r\n  <div class=\"value-card-icon\">\r\n    <i class=\"icon icon-stats\"><\/i>  <\/div>\r\n  <div class=\"value-card-title\">\r\n    <h3>Ci\u0105g\u0142y rozw\u00f3j<\/h3>\r\n  <\/div>\r\n  <div class=\"value-card-desc\">\r\n    <p><\/p>\r\n  <\/div>\r\n<\/div>\n\t\t\t\t\t\t<\/div>\n\t\t\t\t<\/div>\n\t\t\t\t\t<\/div>\n\t\t<\/div>\n\t\t\t\t<div class=\"elementor-column elementor-col-25 elementor-inner-column elementor-element elementor-element-61b08c83\" data-id=\"61b08c83\" data-element_type=\"column\" data-e-type=\"column\">\n\t\t\t<div class=\"elementor-widget-wrap elementor-element-populated\">\n\t\t\t\t\t\t<div class=\"elementor-element elementor-element-4721888d elementor-widget elementor-widget-ekit_wb_10938\" data-id=\"4721888d\" data-element_type=\"widget\" data-e-type=\"widget\" data-widget_type=\"ekit_wb_10938.default\">\n\t\t\t\t<div class=\"elementor-widget-container\">\n\t\t\t\t\t<div class=\"value-card\">\r\n  <div class=\"value-card-icon\">\r\n    <i class=\"icon icon-idea1\"><\/i>  <\/div>\r\n  <div class=\"value-card-title\">\r\n    <h3>Kreatywno\u015b\u0107 i innowacyjne podej\u015bcie<\/h3>\r\n  <\/div>\r\n  <div class=\"value-card-desc\">\r\n    <p><\/p>\r\n  <\/div>\r\n<\/div>\n\t\t\t\t\t\t<\/div>\n\t\t\t\t<\/div>\n\t\t\t\t\t<\/div>\n\t\t<\/div>\n\t\t\t\t<div class=\"elementor-column elementor-col-25 elementor-inner-column elementor-element elementor-element-86cb8ac\" data-id=\"86cb8ac\" data-element_type=\"column\" data-e-type=\"column\">\n\t\t\t<div class=\"elementor-widget-wrap elementor-element-populated\">\n\t\t\t\t\t\t<div class=\"elementor-element elementor-element-5f9ad7d5 elementor-widget elementor-widget-ekit_wb_10938\" data-id=\"5f9ad7d5\" data-element_type=\"widget\" data-e-type=\"widget\" data-widget_type=\"ekit_wb_10938.default\">\n\t\t\t\t<div class=\"elementor-widget-container\">\n\t\t\t\t\t<div class=\"value-card\">\r\n  <div class=\"value-card-icon\">\r\n    <i class=\"icon icon-trophy1\"><\/i>  <\/div>\r\n  <div class=\"value-card-title\">\r\n    <h3>Najwy\u017csza jako\u015b\u0107<\/h3>\r\n  <\/div>\r\n  <div class=\"value-card-desc\">\r\n    <p><\/p>\r\n  <\/div>\r\n<\/div>\n\t\t\t\t\t\t<\/div>\n\t\t\t\t<\/div>\n\t\t\t\t\t<\/div>\n\t\t<\/div>\n\t\t\t\t<div class=\"elementor-column elementor-col-25 elementor-inner-column elementor-element elementor-element-699cc619\" data-id=\"699cc619\" data-element_type=\"column\" data-e-type=\"column\">\n\t\t\t<div class=\"elementor-widget-wrap elementor-element-populated\">\n\t\t\t\t\t\t<div class=\"elementor-element elementor-element-4997c769 elementor-widget elementor-widget-ekit_wb_10938\" data-id=\"4997c769\" data-element_type=\"widget\" data-e-type=\"widget\" data-widget_type=\"ekit_wb_10938.default\">\n\t\t\t\t<div class=\"elementor-widget-container\">\n\t\t\t\t\t<div class=\"value-card\">\r\n  <div class=\"value-card-icon\">\r\n    <i class=\"icon icon-team1\"><\/i>  <\/div>\r\n  <div class=\"value-card-title\">\r\n    <h3>Zesp\u00f3\u0142 specjalist\u00f3w<\/h3>\r\n  <\/div>\r\n  <div class=\"value-card-desc\">\r\n    <p><\/p>\r\n  <\/div>\r\n<\/div>\n\t\t\t\t\t\t<\/div>\n\t\t\t\t<\/div>\n\t\t\t\t\t<\/div>\n\t\t<\/div>\n\t\t\t\t\t<\/div>\n\t\t<\/section>\n\t\t\t\t\t<\/div>\n\t\t<\/div>\n\t\t\t\t\t<\/div>\n\t\t<\/section>\n\t\t\t\t<\/div>","protected":false},"excerpt":{"rendered":"<p>About us Vergewave solutions are created with the future of telecommunication applications in mind. beginnings Vergewave was established in 2017 as a separate business unit of IT Partners Telco Sp. z o.o., drawing on the experience of several years of research in the field of building specialized wireless communication systems, including TETRA voice networks or [&hellip;]<\/p>\n","protected":false},"author":1,"featured_media":0,"parent":0,"menu_order":0,"comment_status":"closed","ping_status":"closed","template":"","meta":{"footnotes":""},"class_list":["post-267","page","type-page","status-publish","hentry"],"_links":{"self":[{"href":"https:\/\/www.vergewave.com\/pl\/wp-json\/wp\/v2\/pages\/267","targetHints":{"allow":["GET"]}}],"collection":[{"href":"https:\/\/www.vergewave.com\/pl\/wp-json\/wp\/v2\/pages"}],"about":[{"href":"https:\/\/www.vergewave.com\/pl\/wp-json\/wp\/v2\/types\/page"}],"author":[{"embeddable":true,"href":"https:\/\/www.vergewave.com\/pl\/wp-json\/wp\/v2\/users\/1"}],"replies":[{"embeddable":true,"href":"https:\/\/www.vergewave.com\/pl\/wp-json\/wp\/v2\/comments?post=267"}],"version-history":[{"count":0,"href":"https:\/\/www.vergewave.com\/pl\/wp-json\/wp\/v2\/pages\/267\/revisions"}],"wp:attachment":[{"href":"https:\/\/www.vergewave.com\/pl\/wp-json\/wp\/v2\/media?parent=267"}],"curies":[{"name":"wp","href":"https:\/\/api.w.org\/{rel}","templated":true}]}}