{"id":8732,"date":"2020-09-10T18:30:07","date_gmt":"2020-09-10T16:30:07","guid":{"rendered":"http:\/\/wip.vergewave.com\/?page_id=8732"},"modified":"2026-02-27T21:10:21","modified_gmt":"2026-02-27T20:10:21","slug":"mission-critical-communications","status":"publish","type":"page","link":"https:\/\/www.vergewave.com\/pl\/solutions\/mission-critical-communications\/","title":{"rendered":"Mission Critical Communications"},"content":{"rendered":"<div data-elementor-type=\"wp-post\" data-elementor-id=\"8732\" class=\"elementor elementor-8732\">\n\t\t\t\t\t\t<section class=\"elementor-section elementor-top-section elementor-element elementor-element-3c2eeee5 elementor-section-full_width sticky-background elementor-section-height-default elementor-section-height-default\" data-id=\"3c2eeee5\" data-element_type=\"section\" data-e-type=\"section\" data-settings=\"{&quot;shape_divider_bottom&quot;:&quot;curve&quot;,&quot;shape_divider_bottom_negative&quot;:&quot;yes&quot;}\">\n\t\t\t\t\t\t\t<div class=\"elementor-background-overlay\"><\/div>\n\t\t\t\t\t\t<div class=\"elementor-shape elementor-shape-bottom\" aria-hidden=\"true\" data-negative=\"true\">\n\t\t\t<svg xmlns=\"http:\/\/www.w3.org\/2000\/svg\" viewbox=\"0 0 1000 100\" preserveaspectratio=\"none\">\n\t<path class=\"elementor-shape-fill\" d=\"M500,97C126.7,96.3,0.8,19.8,0,0v100l1000,0V1C1000,19.4,873.3,97.8,500,97z\"\/>\n<\/svg>\t\t<\/div>\n\t\t\t\t\t<div class=\"elementor-container elementor-column-gap-default\">\n\t\t\t\t\t<div class=\"elementor-column elementor-col-100 elementor-top-column elementor-element elementor-element-7accf871\" data-id=\"7accf871\" data-element_type=\"column\" data-e-type=\"column\">\n\t\t\t<div class=\"elementor-widget-wrap\">\n\t\t\t\t\t\t\t<\/div>\n\t\t<\/div>\n\t\t\t\t\t<\/div>\n\t\t<\/section>\n\t\t\t\t<section class=\"elementor-section elementor-top-section elementor-element elementor-element-7a4caf24 main-header elementor-section-boxed elementor-section-height-default elementor-section-height-default\" data-id=\"7a4caf24\" data-element_type=\"section\" data-e-type=\"section\">\n\t\t\t\t\t\t<div class=\"elementor-container elementor-column-gap-default\">\n\t\t\t\t\t<div class=\"elementor-column elementor-col-100 elementor-top-column elementor-element elementor-element-566d62e5\" data-id=\"566d62e5\" data-element_type=\"column\" data-e-type=\"column\">\n\t\t\t<div class=\"elementor-widget-wrap elementor-element-populated\">\n\t\t\t\t\t\t<section class=\"elementor-section elementor-inner-section elementor-element elementor-element-32059d2 main-header elementor-section-boxed elementor-section-height-default elementor-section-height-default\" data-id=\"32059d2\" data-element_type=\"section\" data-e-type=\"section\">\n\t\t\t\t\t\t<div class=\"elementor-container elementor-column-gap-default\">\n\t\t\t\t\t<div class=\"elementor-column elementor-col-50 elementor-inner-column elementor-element elementor-element-4884fa06\" data-id=\"4884fa06\" data-element_type=\"column\" data-e-type=\"column\">\n\t\t\t<div class=\"elementor-widget-wrap elementor-element-populated\">\n\t\t\t\t\t\t<div class=\"elementor-element elementor-element-60da5563 elementor-widget elementor-widget-heading\" data-id=\"60da5563\" data-element_type=\"widget\" data-e-type=\"widget\" data-widget_type=\"heading.default\">\n\t\t\t\t<div class=\"elementor-widget-container\">\n\t\t\t\t\t<h2 class=\"elementor-heading-title elementor-size-default\">Mission Critical Communications<\/h2>\t\t\t\t<\/div>\n\t\t\t\t<\/div>\n\t\t\t\t<div class=\"elementor-element elementor-element-978a055 elementor-widget elementor-widget-heading\" data-id=\"978a055\" data-element_type=\"widget\" data-e-type=\"widget\" data-widget_type=\"heading.default\">\n\t\t\t\t<div class=\"elementor-widget-container\">\n\t\t\t\t\t<p class=\"elementor-heading-title elementor-size-default\">Komunikacja o znaczeniu krytycznym w sieciach 4G jest niezb\u0119dna do bezproblemowej koordynacji, kr\u00f3tszych czas\u00f3w reakcji i ostatecznego ratowania \u017cycia w sytuacjach awaryjnych.<\/p>\t\t\t\t<\/div>\n\t\t\t\t<\/div>\n\t\t\t\t\t<\/div>\n\t\t<\/div>\n\t\t\t\t<div class=\"elementor-column elementor-col-50 elementor-inner-column elementor-element elementor-element-772d89dc\" data-id=\"772d89dc\" data-element_type=\"column\" data-e-type=\"column\">\n\t\t\t<div class=\"elementor-widget-wrap\">\n\t\t\t\t\t\t\t<\/div>\n\t\t<\/div>\n\t\t\t\t\t<\/div>\n\t\t<\/section>\n\t\t\t\t\t<\/div>\n\t\t<\/div>\n\t\t\t\t\t<\/div>\n\t\t<\/section>\n\t\t\t\t<section class=\"elementor-section elementor-top-section elementor-element elementor-element-6aa0d188 blog-white-card elementor-section-boxed elementor-section-height-default elementor-section-height-default\" data-id=\"6aa0d188\" data-element_type=\"section\" data-e-type=\"section\">\n\t\t\t\t\t\t<div class=\"elementor-container elementor-column-gap-default\">\n\t\t\t\t\t<div class=\"elementor-column elementor-col-100 elementor-top-column elementor-element elementor-element-73dc4b3b\" data-id=\"73dc4b3b\" data-element_type=\"column\" data-e-type=\"column\">\n\t\t\t<div class=\"elementor-widget-wrap elementor-element-populated\">\n\t\t\t\t\t\t<section class=\"elementor-section elementor-inner-section elementor-element elementor-element-206062d6 elementor-section-boxed elementor-section-height-default elementor-section-height-default\" data-id=\"206062d6\" data-element_type=\"section\" data-e-type=\"section\">\n\t\t\t\t\t\t<div class=\"elementor-container elementor-column-gap-default\">\n\t\t\t\t\t<div class=\"elementor-column elementor-col-100 elementor-inner-column elementor-element elementor-element-7e0e8612\" data-id=\"7e0e8612\" data-element_type=\"column\" data-e-type=\"column\">\n\t\t\t<div class=\"elementor-widget-wrap elementor-element-populated\">\n\t\t\t\t\t\t<div class=\"elementor-element elementor-element-29ffc2a elementor-widget elementor-widget-text-editor\" data-id=\"29ffc2a\" data-element_type=\"widget\" data-e-type=\"widget\" data-widget_type=\"text-editor.default\">\n\t\t\t\t<div class=\"elementor-widget-container\">\n\t\t\t\t\t\t\t\t\t<p>Sprawny przep\u0142yw informacji mi\u0119dzy instytucjami powo\u0142anymi do ochrony ludzkiego \u017cycia i zdrowia pozwala na szybsz\u0105 reakcj\u0119 oraz zapewnienie wsparcia w sytuacjach kryzysowych i niebezpiecznych. Z tego powodu, konieczne jest zapewnienie trwa\u0142ej, stabilnej i niezale\u017cnej od zewn\u0119trznej infrastruktury transmisji danych mi\u0119dzy odpowiednimi organami \u2013 g\u0142\u00f3wnie s\u0142u\u017cb\u0105 medyczn\u0105 i mundurow\u0105 oraz organizacjami wspieraj\u0105cymi.<\/p><p>Przyk\u0142adowe us\u0142ugi kt\u00f3re mog\u0105 by\u0107 \u015bwiadczone z wykorzystaniem systemu MCx:<\/p><ul><li>Rozmowy g\u0142osowe \u2013 kluczowe dla koordynacji dzia\u0142a\u0144, zar\u00f3wno w ramach codziennych obowi\u0105zk\u00f3w, jak i w sytuacjach kryzysowych. Wideo \u2013 transmisja na \u017cywo z miejsca zdarzenia pomaga lepiej zrozumie\u0107 sytuacj\u0119 i podj\u0105\u0107 odpowiednie dzia\u0142ania,<\/li><li>Transmisja danych - szybkie i \u0142atwe dostarczanie informacji, takich jak mapy, plany budynk\u00f3w, dokumentacja medyczna i inne,<\/li><li>Lokalizacja - pozwala na okre\u015blenie po\u0142o\u017cenia os\u00f3b potrzebuj\u0105cych pomocy, co skraca czas reakcji i u\u0142atwia koordynacj\u0119 dzia\u0142a\u0144.<\/li><\/ul>\t\t\t\t\t\t\t\t<\/div>\n\t\t\t\t<\/div>\n\t\t\t\t\t<\/div>\n\t\t<\/div>\n\t\t\t\t\t<\/div>\n\t\t<\/section>\n\t\t\t\t\t<\/div>\n\t\t<\/div>\n\t\t\t\t\t<\/div>\n\t\t<\/section>\n\t\t\t\t<\/div>","protected":false},"excerpt":{"rendered":"<p>Mission Critical Communications Mission-critical communications over 4G networks are essential for seamless coordination, faster response times, and ultimate life-saving in emergencies. Efficient flow of information between\u00a0staff appointed\u00a0to protect human life and health allows for a faster response and efficient support in crises and dangerous situations.\u00a0For this reason, it is necessary to ensure stable, reliable communications [&hellip;]<\/p>\n","protected":false},"author":1,"featured_media":0,"parent":8478,"menu_order":0,"comment_status":"closed","ping_status":"closed","template":"","meta":{"footnotes":""},"class_list":["post-8732","page","type-page","status-publish","hentry"],"_links":{"self":[{"href":"https:\/\/www.vergewave.com\/pl\/wp-json\/wp\/v2\/pages\/8732","targetHints":{"allow":["GET"]}}],"collection":[{"href":"https:\/\/www.vergewave.com\/pl\/wp-json\/wp\/v2\/pages"}],"about":[{"href":"https:\/\/www.vergewave.com\/pl\/wp-json\/wp\/v2\/types\/page"}],"author":[{"embeddable":true,"href":"https:\/\/www.vergewave.com\/pl\/wp-json\/wp\/v2\/users\/1"}],"replies":[{"embeddable":true,"href":"https:\/\/www.vergewave.com\/pl\/wp-json\/wp\/v2\/comments?post=8732"}],"version-history":[{"count":6,"href":"https:\/\/www.vergewave.com\/pl\/wp-json\/wp\/v2\/pages\/8732\/revisions"}],"predecessor-version":[{"id":14053,"href":"https:\/\/www.vergewave.com\/pl\/wp-json\/wp\/v2\/pages\/8732\/revisions\/14053"}],"up":[{"embeddable":true,"href":"https:\/\/www.vergewave.com\/pl\/wp-json\/wp\/v2\/pages\/8478"}],"wp:attachment":[{"href":"https:\/\/www.vergewave.com\/pl\/wp-json\/wp\/v2\/media?parent=8732"}],"curies":[{"name":"wp","href":"https:\/\/api.w.org\/{rel}","templated":true}]}}